{"id":269,"date":"2024-07-02T20:51:32","date_gmt":"2024-07-02T23:51:32","guid":{"rendered":"https:\/\/cyclegreen.com.br\/?page_id=269"},"modified":"2024-10-11T19:09:53","modified_gmt":"2024-10-11T22:09:53","slug":"elementor-269","status":"publish","type":"page","link":"https:\/\/cyclegreen.com.br\/index.php\/elementor-269\/","title":{"rendered":""},"content":{"rendered":"\t\t<div data-elementor-type=\"wp-page\" data-elementor-id=\"269\" class=\"elementor elementor-269\">\n\t\t\t\t<div class=\"elementor-element elementor-element-2089e96 e-flex e-con-boxed e-con e-parent\" data-id=\"2089e96\" data-element_type=\"container\">\n\t\t\t\t\t<div class=\"e-con-inner\">\n\t\t\t\t<div class=\"elementor-element elementor-element-56ab8fd elementor-widget elementor-widget-heading\" data-id=\"56ab8fd\" data-element_type=\"widget\" data-widget_type=\"heading.default\">\n\t\t\t\t<div class=\"elementor-widget-container\">\n\t\t\t<h2 class=\"elementor-heading-title elementor-size-default\">Sobre N\u00f3s<\/h2>\t\t<\/div>\n\t\t\t\t<\/div>\n\t\t\t\t\t<\/div>\n\t\t\t\t<\/div>\n\t\t<div class=\"elementor-element elementor-element-2e7fe7c e-flex e-con-boxed e-con e-parent\" data-id=\"2e7fe7c\" data-element_type=\"container\">\n\t\t\t\t\t<div class=\"e-con-inner\">\n\t\t\t\t<div class=\"elementor-element elementor-element-d8bc860 elementor-widget elementor-widget-text-editor\" data-id=\"d8bc860\" data-element_type=\"widget\" data-widget_type=\"text-editor.default\">\n\t\t\t\t<div class=\"elementor-widget-container\">\n\t\t\t\t\t\t\t<p>Um grupo de s\u00f3cios, formado pelo CEO do Gruppo Nicoletti, Dr. Franco Nicoletti; Frei Ivan, diretor de RH da Cycle Green; Aristoliny Lisboa, inventor da tecnologia de reciclagem; e o advogado Dr. Wellington Queiroz; est\u00e1 unido com o objetivo de reduzir o impacto do lixo no meio ambiente.<\/p><p>O projeto da Cycle Green, em parceria com o Instituto Franciscano Ambiental Internacional, est\u00e1 promovendo a inclus\u00e3o de catadores no munic\u00edpio de \u00c1guas Lindas de Goi\u00e1s, oferecendo capacita\u00e7\u00e3o na produ\u00e7\u00e3o industrial. A iniciativa transforma res\u00edduos s\u00f3lidos pl\u00e1sticos em produtos, como madeira pl\u00e1stica, contribuindo para a sustentabilidade.<\/p><p>Esses empreendedores acreditam na inova\u00e7\u00e3o tecnol\u00f3gica sustent\u00e1vel do Brasil e na economia circular, trabalhando pela preserva\u00e7\u00e3o ambiental e oferecendo uma nova esperan\u00e7a para o mundo ao reutilizar res\u00edduos pl\u00e1sticos que tanto poluem o\u00a0meio\u00a0ambiente. O projeto da Cycle Green, em parceria com o Instituto Franciscano Ambiental Internacional, promove no munic\u00edpio de \u00c1guas Lindas de Goi\u00e1s a inclus\u00e3o dos catadores, bem como a capacita\u00e7\u00e3o na atividade de produ\u00e7\u00e3o industrial, transformando os res\u00edduos s\u00f3lidos pl\u00e1sticos em produto final de madeira pl\u00e1stica.\u00a0<\/p><p>Empreendedores que acreditam na inova\u00e7\u00e3o tecnol\u00f3gica sustent\u00e1vel brasileira, bem como na economia circular, buscando a preserva\u00e7\u00e3o ambiental e proporcionando ao mundo uma nova esperan\u00e7a pela reutiliza\u00e7\u00e3o dos res\u00edduos s\u00f3lidos pl\u00e1sticos que tanto contaminam o nosso meio ambiente.<\/p>\t\t\t\t\t\t<\/div>\n\t\t\t\t<\/div>\n\t\t\t\t<div class=\"elementor-element elementor-element-6904a26 elementor-widget elementor-widget-image\" data-id=\"6904a26\" data-element_type=\"widget\" data-widget_type=\"image.default\">\n\t\t\t\t<div class=\"elementor-widget-container\">\n\t\t\t\t\t\t\t\t\t\t\t\t\t<img fetchpriority=\"high\" decoding=\"async\" width=\"1600\" height=\"1200\" src=\"https:\/\/cyclegreen.com.br\/wp-content\/uploads\/2024\/07\/Imagem-do-WhatsApp-de-2024-06-24-as-19.18.43_adf1cf3b.jpg\" class=\"attachment-full size-full wp-image-271\" alt=\"\" srcset=\"https:\/\/cyclegreen.com.br\/wp-content\/uploads\/2024\/07\/Imagem-do-WhatsApp-de-2024-06-24-as-19.18.43_adf1cf3b.jpg 1600w, https:\/\/cyclegreen.com.br\/wp-content\/uploads\/2024\/07\/Imagem-do-WhatsApp-de-2024-06-24-as-19.18.43_adf1cf3b-300x225.jpg 300w, https:\/\/cyclegreen.com.br\/wp-content\/uploads\/2024\/07\/Imagem-do-WhatsApp-de-2024-06-24-as-19.18.43_adf1cf3b-1024x768.jpg 1024w, https:\/\/cyclegreen.com.br\/wp-content\/uploads\/2024\/07\/Imagem-do-WhatsApp-de-2024-06-24-as-19.18.43_adf1cf3b-768x576.jpg 768w, https:\/\/cyclegreen.com.br\/wp-content\/uploads\/2024\/07\/Imagem-do-WhatsApp-de-2024-06-24-as-19.18.43_adf1cf3b-1536x1152.jpg 1536w, https:\/\/cyclegreen.com.br\/wp-content\/uploads\/2024\/07\/Imagem-do-WhatsApp-de-2024-06-24-as-19.18.43_adf1cf3b-600x450.jpg 600w\" sizes=\"(max-width: 1600px) 100vw, 1600px\" \/>\t\t\t\t\t\t\t\t\t\t\t\t\t<\/div>\n\t\t\t\t<\/div>\n\t\t\t\t\t<\/div>\n\t\t\t\t<\/div>\n\t\t<div class=\"elementor-element elementor-element-65cc255 e-flex e-con-boxed e-con e-parent\" data-id=\"65cc255\" data-element_type=\"container\">\n\t\t\t\t\t<div class=\"e-con-inner\">\n\t\t\t\t<div class=\"elementor-element elementor-element-f62e266 elementor-widget elementor-widget-image\" data-id=\"f62e266\" data-element_type=\"widget\" data-widget_type=\"image.default\">\n\t\t\t\t<div class=\"elementor-widget-container\">\n\t\t\t\t\t\t\t\t\t\t\t\t\t<img decoding=\"async\" width=\"1024\" height=\"724\" src=\"https:\/\/cyclegreen.com.br\/wp-content\/uploads\/2024\/07\/Folleto-Cycle-Green_ingles-2-1024x724.png\" class=\"attachment-large size-large wp-image-311\" alt=\"\" srcset=\"https:\/\/cyclegreen.com.br\/wp-content\/uploads\/2024\/07\/Folleto-Cycle-Green_ingles-2-1024x724.png 1024w, https:\/\/cyclegreen.com.br\/wp-content\/uploads\/2024\/07\/Folleto-Cycle-Green_ingles-2-300x212.png 300w, https:\/\/cyclegreen.com.br\/wp-content\/uploads\/2024\/07\/Folleto-Cycle-Green_ingles-2-768x543.png 768w, https:\/\/cyclegreen.com.br\/wp-content\/uploads\/2024\/07\/Folleto-Cycle-Green_ingles-2-1536x1086.png 1536w, https:\/\/cyclegreen.com.br\/wp-content\/uploads\/2024\/07\/Folleto-Cycle-Green_ingles-2-600x424.png 600w, https:\/\/cyclegreen.com.br\/wp-content\/uploads\/2024\/07\/Folleto-Cycle-Green_ingles-2.png 2000w\" sizes=\"(max-width: 1024px) 100vw, 1024px\" \/>\t\t\t\t\t\t\t\t\t\t\t\t\t<\/div>\n\t\t\t\t<\/div>\n\t\t\t\t\t<\/div>\n\t\t\t\t<\/div>\n\t\t\t\t<\/div>\n\t\t","protected":false},"excerpt":{"rendered":"<p>Sobre N\u00f3s Um grupo de s\u00f3cios, formado pelo CEO do Gruppo Nicoletti, Dr. Franco Nicoletti; Frei Ivan, diretor de RH da Cycle Green; Aristoliny Lisboa, inventor da tecnologia de reciclagem; e o advogado Dr. Wellington Queiroz; est\u00e1 unido com o objetivo de reduzir o impacto do lixo no meio ambiente. O projeto da Cycle Green, [&hellip;]<\/p>\n","protected":false},"author":1,"featured_media":0,"parent":0,"menu_order":0,"comment_status":"closed","ping_status":"closed","template":"","meta":{"footnotes":""},"_links":{"self":[{"href":"https:\/\/cyclegreen.com.br\/index.php\/wp-json\/wp\/v2\/pages\/269"}],"collection":[{"href":"https:\/\/cyclegreen.com.br\/index.php\/wp-json\/wp\/v2\/pages"}],"about":[{"href":"https:\/\/cyclegreen.com.br\/index.php\/wp-json\/wp\/v2\/types\/page"}],"author":[{"embeddable":true,"href":"https:\/\/cyclegreen.com.br\/index.php\/wp-json\/wp\/v2\/users\/1"}],"replies":[{"embeddable":true,"href":"https:\/\/cyclegreen.com.br\/index.php\/wp-json\/wp\/v2\/comments?post=269"}],"version-history":[{"count":17,"href":"https:\/\/cyclegreen.com.br\/index.php\/wp-json\/wp\/v2\/pages\/269\/revisions"}],"predecessor-version":[{"id":356,"href":"https:\/\/cyclegreen.com.br\/index.php\/wp-json\/wp\/v2\/pages\/269\/revisions\/356"}],"wp:attachment":[{"href":"https:\/\/cyclegreen.com.br\/index.php\/wp-json\/wp\/v2\/media?parent=269"}],"curies":[{"name":"wp","href":"https:\/\/api.w.org\/{rel}","templated":true}]}}