{"id":253,"date":"2024-07-02T20:32:34","date_gmt":"2024-07-02T23:32:34","guid":{"rendered":"https:\/\/cyclegreen.com.br\/?page_id=253"},"modified":"2024-10-18T11:53:51","modified_gmt":"2024-10-18T14:53:51","slug":"sobre-a-maquina","status":"publish","type":"page","link":"https:\/\/cyclegreen.com.br\/index.php\/sobre-a-maquina\/","title":{"rendered":""},"content":{"rendered":"\t\t<div data-elementor-type=\"wp-page\" data-elementor-id=\"253\" class=\"elementor elementor-253\">\n\t\t\t\t<div class=\"elementor-element elementor-element-a8c6727 e-flex e-con-boxed e-con e-parent\" data-id=\"a8c6727\" data-element_type=\"container\">\n\t\t\t\t\t<div class=\"e-con-inner\">\n\t\t\t\t<div class=\"elementor-element elementor-element-e96e408 elementor-widget elementor-widget-heading\" data-id=\"e96e408\" data-element_type=\"widget\" data-widget_type=\"heading.default\">\n\t\t\t\t<div class=\"elementor-widget-container\">\n\t\t\t<h2 class=\"elementor-heading-title elementor-size-default\">Sobre a M\u00e1quina<\/h2>\t\t<\/div>\n\t\t\t\t<\/div>\n\t\t\t\t\t<\/div>\n\t\t\t\t<\/div>\n\t\t<div class=\"elementor-element elementor-element-cea787a e-flex e-con-boxed e-con e-parent\" data-id=\"cea787a\" data-element_type=\"container\">\n\t\t\t\t\t<div class=\"e-con-inner\">\n\t\t<div class=\"elementor-element elementor-element-4b35b5a e-con-full e-flex e-con e-child\" data-id=\"4b35b5a\" data-element_type=\"container\">\n\t\t\t\t<div class=\"elementor-element elementor-element-84d10b1 elementor-widget elementor-widget-image\" data-id=\"84d10b1\" data-element_type=\"widget\" data-widget_type=\"image.default\">\n\t\t\t\t<div class=\"elementor-widget-container\">\n\t\t\t\t\t\t\t\t\t\t\t\t\t<img fetchpriority=\"high\" decoding=\"async\" width=\"1024\" height=\"791\" src=\"https:\/\/cyclegreen.com.br\/wp-content\/uploads\/2024\/07\/Folleto-Cycle-Green_ingles-1-1024x791.png\" class=\"attachment-large size-large wp-image-259\" alt=\"\" srcset=\"https:\/\/cyclegreen.com.br\/wp-content\/uploads\/2024\/07\/Folleto-Cycle-Green_ingles-1-1024x791.png 1024w, https:\/\/cyclegreen.com.br\/wp-content\/uploads\/2024\/07\/Folleto-Cycle-Green_ingles-1-300x232.png 300w, https:\/\/cyclegreen.com.br\/wp-content\/uploads\/2024\/07\/Folleto-Cycle-Green_ingles-1-768x593.png 768w, https:\/\/cyclegreen.com.br\/wp-content\/uploads\/2024\/07\/Folleto-Cycle-Green_ingles-1-1536x1187.png 1536w, https:\/\/cyclegreen.com.br\/wp-content\/uploads\/2024\/07\/Folleto-Cycle-Green_ingles-1-600x464.png 600w, https:\/\/cyclegreen.com.br\/wp-content\/uploads\/2024\/07\/Folleto-Cycle-Green_ingles-1.png 2000w\" sizes=\"(max-width: 1024px) 100vw, 1024px\" \/>\t\t\t\t\t\t\t\t\t\t\t\t\t<\/div>\n\t\t\t\t<\/div>\n\t\t\t\t<\/div>\n\t\t<div class=\"elementor-element elementor-element-820a220 e-con-full e-flex e-con e-child\" data-id=\"820a220\" data-element_type=\"container\">\n\t\t\t\t<div class=\"elementor-element elementor-element-7acb976 elementor-widget elementor-widget-text-editor\" data-id=\"7acb976\" data-element_type=\"widget\" data-widget_type=\"text-editor.default\">\n\t\t\t\t<div class=\"elementor-widget-container\">\n\t\t\t\t\t\t\t<p>A m\u00e1quina autom\u00e1tica ENGETRUX, desenvolvida pela Cycle Green, \u00e9 projetada para processar pl\u00e1sticos mistos em geral, provenientes de res\u00edduos p\u00f3s-consumo. Ela gera produtos utilizando mat\u00e9rias-primas p\u00f3s-industriais, permitindo a reciclagem de qualquer tipo de pl\u00e1stico, com flexibilidade para modular o resultado conforme necess\u00e1rio.<\/p>\n<p>Essa tecnologia oferece maior agilidade na produ\u00e7\u00e3o, pois converte pl\u00e1sticos que passaram apenas pelo processo de moagem, sem a necessidade de granula\u00e7\u00e3o, ao contr\u00e1rio das ind\u00fastrias convencionais que utilizam m\u00e1quinas de inje\u00e7\u00e3o e extrus\u00e3o, as quais n\u00e3o conseguem processar pl\u00e1sticos mistos de forma eficiente.<\/p>\n<p><strong>PROCESSO DE RECICLAGEM:<\/strong><br>\u2013 Recicla pl\u00e1sticos mistos sem necessidade de separa\u00e7\u00e3o. <br>\u2013 N\u00e3o \u00e9 necess\u00e1rio purificar o material; apenas uma pr\u00e9-lavagem para remover res\u00edduos maiores. <br>\u2013 O processo de finaliza\u00e7\u00e3o envolve a moagem direta do material, simplificando e agilizando a reciclagem.<\/p>\t\t\t\t\t\t<\/div>\n\t\t\t\t<\/div>\n\t\t\t\t<\/div>\n\t\t\t\t\t<\/div>\n\t\t\t\t<\/div>\n\t\t<div class=\"elementor-element elementor-element-1fb9baf e-flex e-con-boxed e-con e-parent\" data-id=\"1fb9baf\" data-element_type=\"container\">\n\t\t\t\t\t<div class=\"e-con-inner\">\n\t\t\t\t<div class=\"elementor-element elementor-element-337cf91 elementor-widget elementor-widget-video\" data-id=\"337cf91\" data-element_type=\"widget\" data-settings=\"{&quot;video_type&quot;:&quot;hosted&quot;,&quot;controls&quot;:&quot;yes&quot;}\" data-widget_type=\"video.default\">\n\t\t\t\t<div class=\"elementor-widget-container\">\n\t\t\t\t\t<div class=\"e-hosted-video elementor-wrapper elementor-open-inline\">\n\t\t\t\t\t<video class=\"elementor-video\" src=\"https:\/\/cyclegreen.com.br\/wp-content\/uploads\/2024\/10\/VIDEO-TECNICO_v3-baixa.mp4\" controls=\"\" preload=\"metadata\" controlsList=\"nodownload\"><\/video>\n\t\t\t\t<\/div>\n\t\t\t\t<\/div>\n\t\t\t\t<\/div>\n\t\t\t\t\t<\/div>\n\t\t\t\t<\/div>\n\t\t<div class=\"elementor-element elementor-element-1451d20 e-flex e-con-boxed e-con e-parent\" data-id=\"1451d20\" data-element_type=\"container\">\n\t\t\t\t\t<div class=\"e-con-inner\">\n\t\t<div class=\"elementor-element elementor-element-0bf8cc7 e-con-full e-flex e-con e-child\" data-id=\"0bf8cc7\" data-element_type=\"container\">\n\t\t\t\t<div class=\"elementor-element elementor-element-773460b elementor-widget elementor-widget-image\" data-id=\"773460b\" data-element_type=\"widget\" data-widget_type=\"image.default\">\n\t\t\t\t<div class=\"elementor-widget-container\">\n\t\t\t\t\t\t\t\t\t\t\t\t\t<img decoding=\"async\" width=\"726\" height=\"1024\" src=\"https:\/\/cyclegreen.com.br\/wp-content\/uploads\/2024\/10\/1-726x1024.png\" class=\"attachment-large size-large wp-image-391\" alt=\"\" srcset=\"https:\/\/cyclegreen.com.br\/wp-content\/uploads\/2024\/10\/1-726x1024.png 726w, https:\/\/cyclegreen.com.br\/wp-content\/uploads\/2024\/10\/1-213x300.png 213w, https:\/\/cyclegreen.com.br\/wp-content\/uploads\/2024\/10\/1-768x1083.png 768w, https:\/\/cyclegreen.com.br\/wp-content\/uploads\/2024\/10\/1-1090x1536.png 1090w, https:\/\/cyclegreen.com.br\/wp-content\/uploads\/2024\/10\/1-1453x2048.png 1453w, https:\/\/cyclegreen.com.br\/wp-content\/uploads\/2024\/10\/1-600x846.png 600w\" sizes=\"(max-width: 726px) 100vw, 726px\" \/>\t\t\t\t\t\t\t\t\t\t\t\t\t<\/div>\n\t\t\t\t<\/div>\n\t\t\t\t<\/div>\n\t\t<div class=\"elementor-element elementor-element-4d3218a e-con-full e-flex e-con e-child\" data-id=\"4d3218a\" data-element_type=\"container\">\n\t\t\t\t<div class=\"elementor-element elementor-element-540ac8e elementor-widget elementor-widget-image\" data-id=\"540ac8e\" data-element_type=\"widget\" data-widget_type=\"image.default\">\n\t\t\t\t<div class=\"elementor-widget-container\">\n\t\t\t\t\t\t\t\t\t\t\t\t\t<img decoding=\"async\" width=\"726\" height=\"1024\" src=\"https:\/\/cyclegreen.com.br\/wp-content\/uploads\/2024\/10\/2-726x1024.png\" class=\"attachment-large size-large wp-image-392\" alt=\"\" srcset=\"https:\/\/cyclegreen.com.br\/wp-content\/uploads\/2024\/10\/2-726x1024.png 726w, https:\/\/cyclegreen.com.br\/wp-content\/uploads\/2024\/10\/2-213x300.png 213w, https:\/\/cyclegreen.com.br\/wp-content\/uploads\/2024\/10\/2-768x1083.png 768w, https:\/\/cyclegreen.com.br\/wp-content\/uploads\/2024\/10\/2-1090x1536.png 1090w, https:\/\/cyclegreen.com.br\/wp-content\/uploads\/2024\/10\/2-1453x2048.png 1453w, https:\/\/cyclegreen.com.br\/wp-content\/uploads\/2024\/10\/2-600x846.png 600w\" sizes=\"(max-width: 726px) 100vw, 726px\" \/>\t\t\t\t\t\t\t\t\t\t\t\t\t<\/div>\n\t\t\t\t<\/div>\n\t\t\t\t<\/div>\n\t\t\t\t\t<\/div>\n\t\t\t\t<\/div>\n\t\t\t\t<\/div>\n\t\t","protected":false},"excerpt":{"rendered":"<p>Sobre a M\u00e1quina A m\u00e1quina autom\u00e1tica ENGETRUX, desenvolvida pela Cycle Green, \u00e9 projetada para processar pl\u00e1sticos mistos em geral, provenientes de res\u00edduos p\u00f3s-consumo. Ela gera produtos utilizando mat\u00e9rias-primas p\u00f3s-industriais, permitindo a reciclagem de qualquer tipo de pl\u00e1stico, com flexibilidade para modular o resultado conforme necess\u00e1rio. Essa tecnologia oferece maior agilidade na produ\u00e7\u00e3o, pois converte pl\u00e1sticos [&hellip;]<\/p>\n","protected":false},"author":1,"featured_media":0,"parent":0,"menu_order":0,"comment_status":"closed","ping_status":"closed","template":"","meta":{"footnotes":""},"_links":{"self":[{"href":"https:\/\/cyclegreen.com.br\/index.php\/wp-json\/wp\/v2\/pages\/253"}],"collection":[{"href":"https:\/\/cyclegreen.com.br\/index.php\/wp-json\/wp\/v2\/pages"}],"about":[{"href":"https:\/\/cyclegreen.com.br\/index.php\/wp-json\/wp\/v2\/types\/page"}],"author":[{"embeddable":true,"href":"https:\/\/cyclegreen.com.br\/index.php\/wp-json\/wp\/v2\/users\/1"}],"replies":[{"embeddable":true,"href":"https:\/\/cyclegreen.com.br\/index.php\/wp-json\/wp\/v2\/comments?post=253"}],"version-history":[{"count":47,"href":"https:\/\/cyclegreen.com.br\/index.php\/wp-json\/wp\/v2\/pages\/253\/revisions"}],"predecessor-version":[{"id":414,"href":"https:\/\/cyclegreen.com.br\/index.php\/wp-json\/wp\/v2\/pages\/253\/revisions\/414"}],"wp:attachment":[{"href":"https:\/\/cyclegreen.com.br\/index.php\/wp-json\/wp\/v2\/media?parent=253"}],"curies":[{"name":"wp","href":"https:\/\/api.w.org\/{rel}","templated":true}]}}